{"id":724,"date":"2010-09-15T05:33:46","date_gmt":"2010-09-15T05:33:46","guid":{"rendered":"http:\/\/elegantthemes.com\/preview\/DeepFocus\/?page_id=2"},"modified":"2021-10-21T19:25:51","modified_gmt":"2021-10-21T19:25:51","slug":"bio","status":"publish","type":"page","link":"http:\/\/sebadesalvo.com.ar\/blog\/bio\/","title":{"rendered":"BIO"},"content":{"rendered":"\n<hr class=\"wp-block-separator\"\/>\n\n\n\n<div class=\"wp-block-group\"><div class=\"wp-block-group__inner-container is-layout-flow wp-block-group-is-layout-flow\">\n<p><span style=\"font-weight: 400;\"><strong>Buenos Aires<\/strong>, 1980<\/span><\/p>\n\n\n\n<p>Graduado en 2005 como <strong>Dise\u00f1ador Gr\u00e1fico (UBA)<\/strong>, se desempe\u00f1a desde ese mismo a\u00f1o como docente en FADU, Universidad de Buenos Aires. <\/p>\n\n\n\n<p>Expuso en muestras individuales (Odd 2015, Espacio Cetol 2016) y colectivas (Alianza Francesa, El Dorrego, CMD, TipOdd, Bienal de arte er\u00f3tico de Santa Fe, &nbsp;Impulso Cabrera, FADU, BAP en Resistencia, CNB, etc.) en Buenos Aires y otras provincias.<\/p>\n\n\n\n<p><span style=\"font-weight: 400;\">En 2016 tuvo su primer muestra individual <\/span><b>Ante todo la palabra<\/b><span style=\"font-weight: 400;\">, en Espacio Cetol, curada y realizada por <strong>Federico Platener<\/strong>.<\/span><\/p>\n\n\n\n<p><span style=\"font-weight: 400;\">Tambien en 2016 form\u00f3 parte de <\/span><b>\u00d3PERA PRIMA<\/b><span style=\"font-weight: 400;\">, selecci\u00f3n del <strong>CCK<\/strong> (Centro Cultural Kirchner), curada y realizada en la CNB (<strong>Casa Nacional del Bicentenario<\/strong>), por <strong>Andr\u00e9s Duprat<\/strong> y <strong>Valeria Gonzalez.<\/strong><\/span><\/p>\n\n\n\n<p><span style=\"font-weight: 400;\">En 2017 cerr\u00f3 su serie <\/span><b>La palabra<\/b><span style=\"font-weight: 400;\"> en la <\/span><b>Bienal de Arte y Pintura del Chaco<\/b><span style=\"font-weight: 400;\"> y expuso en Diciembre, junto a obra de <\/span><b>Le\u00f3n Ferrari, Yaya Firpo, Jorge Meijide, Aldo Caponi,<\/b><span style=\"font-weight: 400;\"> entre otros en la muestra DIVERSIDAD en <\/span><b>Espacio Los Incas<\/b><span style=\"font-weight: 400;\">.<br><\/span><br><span style=\"font-weight: 400;\">En 2018, habiendo ganado la convocatoria de <\/span><b>HelloWood Argentina<\/b><span style=\"font-weight: 400;\">, llev\u00f3 a cabo su obra\/proyecto <\/span><b>La palabra habitada<\/b><span style=\"font-weight: 400;\">, en Ceibas, <\/span><b>Entre R\u00edos<\/b><span style=\"font-weight: 400;\">, en homenaje a la <\/span><b>POES\u00cdA<\/b><span style=\"font-weight: 400;\"> y a la obra de poetas entrerrianos como <\/span><b>Juan L. Ortiz<\/b><span style=\"font-weight: 400;\">.<\/span><br><br>En 2019, particip\u00f3 con 5 obras de la serie <em>Poes\u00eda Financiera<\/em>, en la <strong>III Bienal del Sur, <\/strong>en Ciudad Bolivar, en <strong>Venezuela<\/strong>, que pas\u00f3 luego a la ciudad de Caracas, en 2020<br><br>Ese mismo a\u00f1o form\u00f3 parte de las muestras<strong>  <strong>Tomad Libertades<\/strong> <\/strong>(1ra y 2da edici\u00f3n) en el Cultural Copahue (Bs.As.) curada por Agustina Arnaud, y de <strong>HELLO WOOD.3 a\u00f1os 30 proyectos<\/strong>, curada por el Estudio TACADI, en el MARQ. Museo de Arquitectura, Bs.As.<\/p>\n\n\n\n<p>Como poeta fue publicado en <strong><em>Nueve Nueves&nbsp;<\/em><\/strong>(2017), editado por <strong>Prensa La Libertad<\/strong>, junto a&nbsp;otros ocho escritores con su texto <em>Siempre tan fuera de lugar tus palabras.<\/em><\/p>\n\n\n\n<p><span style=\"font-weight: 400;\">Tambi\u00e9n en Fadu, form\u00f3 parte de la C\u00e1tedra de<strong> Mart\u00edn Groisman<\/strong>, dictando Medios Expresivos 2 hasta mediados de 2006. Ya desde ese a\u00f1o es docente a cargo en Dise\u00f1o Gr\u00e1fico Nivel 1\/ C\u00e1tedra de <strong>Marcelo<\/strong> <strong>Gabriele<\/strong>, hasta el d\u00eda de hoy, en la Universidad de Buenos Aires.<\/span> Lleva adelante su propio estudio de dise\u00f1o, especializado en trabajos de identidad.<\/p>\n\n\n\n<p><span style=\"font-weight: 400;\">Desde el a\u00f1o 2012 al 2016 coordin\u00f3&nbsp;Odd Lab, Hip\u00f3tesis Gr\u00e1ficas, \u00e1rea de dise\u00f1o, donde a su vez, fue el responsable de la identidad gr\u00e1fica de <strong>ODD&nbsp;<\/strong>y docente en diversos talleres, como Imprevisto Ensamble Impreso (sobre la generaci\u00f3n de gr\u00e1fica con tecnolog\u00eda tipogr\u00e1fica y edici\u00f3n de fanzines), Escribo Mundos (taller basado en literatura y t\u00e9cnicas de escritura para la gestaci\u00f3n de un Libro Objeto) o Consonancias (sobre generaci\u00f3n de gr\u00e1fica a partir de est\u00edmulos sonoros).<\/span> <span style=\"font-weight: 400;\">All\u00ed trabaj\u00f3 con referentes como <strong>Pablo Cosgaya<\/strong>, <strong>Carlos Carpintero<\/strong> o <strong>Sami Abadi<\/strong>, entre otros, haciendo de esa tarea un aprendizaje infinito.<\/span><\/p>\n\n\n\n<p><span style=\"font-weight: 400;\">Form\u00f3 parte de la CASA DE ESTUDIOS, Trimarchi 2016 convocado por <\/span><b>Adri\u00e1n Candelmi <\/b><span style=\"font-weight: 400;\">a una mesa redonda sobre Docencia del Dise\u00f1o, desde el aspecto no formal de la educaci\u00f3n.<\/span><\/p>\n\n\n\n<p><\/p>\n<\/div><\/div>\n\n\n\n<div class=\"wp-block-image\"><figure class=\"aligncenter\"><img loading=\"lazy\" decoding=\"async\" width=\"416\" height=\"416\" src=\"http:\/\/sebadesalvo.com.ar\/blog\/wp-content\/uploads\/2010\/09\/SD.jpg\" alt=\"SD\" class=\"wp-image-1005\" srcset=\"http:\/\/sebadesalvo.com.ar\/blog\/wp-content\/uploads\/2010\/09\/SD.jpg 416w, http:\/\/sebadesalvo.com.ar\/blog\/wp-content\/uploads\/2010\/09\/SD-145x145.jpg 145w, http:\/\/sebadesalvo.com.ar\/blog\/wp-content\/uploads\/2010\/09\/SD-300x300.jpg 300w, http:\/\/sebadesalvo.com.ar\/blog\/wp-content\/uploads\/2010\/09\/SD-88x88.jpg 88w\" sizes=\"auto, (max-width: 416px) 100vw, 416px\" \/><\/figure><\/div>\n\n\n\n<hr class=\"wp-block-separator is-style-wide\"\/>\n\n\n\n<p>ph <a href=\"https:\/\/www.flickr.com\/photos\/sebastos\/\" target=\"_blank\" rel=\"noopener noreferrer\">Seba Gutnisky<\/a><\/p>\n","protected":false},"excerpt":{"rendered":"<p>Buenos Aires, 1980 Graduado en 2005 como Dise\u00f1ador Gr\u00e1fico (UBA), se desempe\u00f1a desde ese mismo a\u00f1o como docente en FADU, Universidad de Buenos Aires. Expuso en muestras individuales (Odd 2015, Espacio Cetol 2016) y colectivas (Alianza Francesa, El Dorrego, CMD, [&hellip;]<\/p>\n","protected":false},"author":1,"featured_media":1001,"parent":0,"menu_order":0,"comment_status":"closed","ping_status":"open","template":"","meta":{"footnotes":""},"class_list":["post-724","page","type-page","status-publish","has-post-thumbnail","hentry"],"_links":{"self":[{"href":"http:\/\/sebadesalvo.com.ar\/blog\/wp-json\/wp\/v2\/pages\/724","targetHints":{"allow":["GET"]}}],"collection":[{"href":"http:\/\/sebadesalvo.com.ar\/blog\/wp-json\/wp\/v2\/pages"}],"about":[{"href":"http:\/\/sebadesalvo.com.ar\/blog\/wp-json\/wp\/v2\/types\/page"}],"author":[{"embeddable":true,"href":"http:\/\/sebadesalvo.com.ar\/blog\/wp-json\/wp\/v2\/users\/1"}],"replies":[{"embeddable":true,"href":"http:\/\/sebadesalvo.com.ar\/blog\/wp-json\/wp\/v2\/comments?post=724"}],"version-history":[{"count":24,"href":"http:\/\/sebadesalvo.com.ar\/blog\/wp-json\/wp\/v2\/pages\/724\/revisions"}],"predecessor-version":[{"id":1490,"href":"http:\/\/sebadesalvo.com.ar\/blog\/wp-json\/wp\/v2\/pages\/724\/revisions\/1490"}],"wp:featuredmedia":[{"embeddable":true,"href":"http:\/\/sebadesalvo.com.ar\/blog\/wp-json\/wp\/v2\/media\/1001"}],"wp:attachment":[{"href":"http:\/\/sebadesalvo.com.ar\/blog\/wp-json\/wp\/v2\/media?parent=724"}],"curies":[{"name":"wp","href":"https:\/\/api.w.org\/{rel}","templated":true}]}}